{"id":404,"date":"2014-05-14T14:11:57","date_gmt":"2014-05-14T03:11:57","guid":{"rendered":"http:\/\/www.dislocated.org\/?page_id=404"},"modified":"2026-02-24T08:40:54","modified_gmt":"2026-02-23T21:40:54","slug":"arms-race-and-other-stories","status":"publish","type":"page","link":"https:\/\/www.dislocated.org\/?page_id=404","title":{"rendered":"BOOKS"},"content":{"rendered":"<div class=\"one_half first\"><p><\/p>\n<h1>LITTLE DOOMSDAYS<\/h1>\n<p><em>It\u2019s said \u2014 in the quiet between buses, down the back of the pub, in the hushed elevator rising to the penthouse \u2014 that in the late twentieth century an unstable grouping of scholars, writers and fanatics from several Ng\u0101i Tahu hap\u016b in Murihiku created what has come to be known as the Ark of Arks.<\/em><\/p>\n<p><em>It\u2019s said that this project aimed to catalogue all known arks from the last five millennia. It was a failed attempt to capture previous civilisations\u2019 failed attempts to preserve whatever was valuable to them: waka huia, time capsules, caches, burial ships, seed banks.<\/em><\/p>\n<p>The fifth in the ground-breaking k\u014drero series conceived and edited by Lloyd Jones, <em>Little Doomsdays<\/em> is another rich collaboration between an artist and a writer. This time legendary musician and painter Phil Dadson responds to a wildly innovative text that\u2019s steeped in te ao M\u0101ori by Ng\u0101i Tahu writer Nic Low.<\/p>\n<p>Taking its form from the fragmented clay tablets that held the original text of Noah&#8217;s ark, <em>Little Doomsdays<\/em> weaves together stories from 5,000 years of human history to ask: what happens when a people move past denial and mitigation and arrive at open fear? When faced with their own demise, what do they grab? Moving from the sand dunes of Murihiku to the great Svalbard Global Seed Vault in Norway to Mosul in Iraq, it looks at the lengths to which we will go in order to protect and preserve that which we love.<\/p>\n<p><strong>Praise for <em>Little Doomsdays<\/em><\/strong><\/p>\n<p>\u201c<strong>one of the most engaging, inventive and original sequences of writing I\u2019ve read in a long time.<\/strong>\u201d \u2014 Ian Wedde, <em>NZ Review of Books<\/em>.<\/p>\n<p>\u201c<strong>a tour-de-force of the power of art<\/strong> to capture and express complex, heavy ideas and spark deep contemplation and conversation.\u201d \u2014 Jessica Agoston-Cleary, <em>Kete Books<\/em><\/p>\n<p>\u201c<strong>an extraordinary combination of fairy tale, parable and scientific enquiry<\/strong>\u201d &#8211; John Daly-Peoples, <em>New Zealand Arts Review<\/em><\/p>\n<p><em>Little Doomsdays<\/em> &#8220;is <strong>fluent and fluid, it is poetic and philosophical, mysterious and multilayered<\/strong>&#8230; I have lingered over the book at a time when the inhumanity of Gaza is breaking our hearts&#8230; The book has been a much needed retreat, a meditation aid where to dream and drift, to grieve and to construct, is a salve. Beautifully produced, rich in connections, Little Doomsdays is a fine addition to a fine series.&#8221; &#8211; Paula Green, <em>NZ Poetry Shelf<\/em><\/p>\n<p><\/p><\/div>\n<div class=\"one_half last\"><p><\/p>\n<p><a href=\"https:\/\/www.dislocated.org\/wordpress\/wp-content\/uploads\/Little-Doomsdays-final-cover-high-res-scaled.jpg\"><img loading=\"lazy\" decoding=\"async\" class=\"alignnone wp-image-786 size-medium\" src=\"https:\/\/www.dislocated.org\/wordpress\/wp-content\/uploads\/Little-Doomsdays-final-cover-high-res-209x300.jpg\" alt=\"\" width=\"209\" height=\"300\" srcset=\"https:\/\/www.dislocated.org\/wordpress\/wp-content\/uploads\/Little-Doomsdays-final-cover-high-res-209x300.jpg 209w, https:\/\/www.dislocated.org\/wordpress\/wp-content\/uploads\/Little-Doomsdays-final-cover-high-res-768x1104.jpg 768w, https:\/\/www.dislocated.org\/wordpress\/wp-content\/uploads\/Little-Doomsdays-final-cover-high-res-1068x1536.jpg 1068w, https:\/\/www.dislocated.org\/wordpress\/wp-content\/uploads\/Little-Doomsdays-final-cover-high-res-1425x2048.jpg 1425w, https:\/\/www.dislocated.org\/wordpress\/wp-content\/uploads\/Little-Doomsdays-final-cover-high-res-125x180.jpg 125w, https:\/\/www.dislocated.org\/wordpress\/wp-content\/uploads\/Little-Doomsdays-final-cover-high-res-scaled.jpg 1781w\" sizes=\"(max-width: 209px) 100vw, 209px\" \/><\/a><\/p>\n<div class=\"columnar columnar--3\">\n<div class=\"book__meta-item\">\n<div class=\"book__meta-label\">Extent: 96pp<\/div>\n<\/div>\n<div class=\"book__meta-item\">\n<div class=\"book__meta-label\">Format: Hardback, full colour<\/div>\n<\/div>\n<div class=\"book__meta-item\">\n<div class=\"book__meta-label\">Publication date: 14 September 2023<\/div>\n<\/div>\n<\/div>\n<div class=\"columnar columnar--3\">\n<div class=\"book__meta-item\">\n<div class=\"book__meta-label\">ISBN: 9781991016256<\/div>\n<div><a href=\"https:\/\/masseypress.ac.nz\/products\/little-doomsdays?_pos=1&amp;_sid=88b37e7e9&amp;_ss=r\">Find out where to buy a copy here.<\/a><\/div>\n<\/div>\n<\/div>\n<div>\u00a0<\/div>\n<div><a href=\"https:\/\/thespinoff.co.nz\/books\/03-12-2023\/the-arks-of-arks-an-excerpt-from-little-doomsdays-by-nic-low-and-phil-dadson\">Read an extract in The Spinoff.<\/a><\/div>\n<p><\/p><\/div><div class=\"clear\"><\/div>\n<div class=\"one_half first\"><p><\/p>\n<div class=\"book__description\">\n<div class=\"book__description__body copy\">\n<h1>UPRISING: <span style=\"color: #808080;\">WALKING THE SOUTHERN ALPS OF NEW ZEALAND<\/span><\/h1>\n<p><i>This book is about walking as a form of knowing. Armed with Ng\u0101i Tahu\u2019s traditional oral maps and modern satellite atlas, I crossed the Southern Alps more than a dozen times, trying to understand how our forebears saw the land. What did it mean to define your identity by sacred mountains, or actually see them as ancestors, turned to stone?<\/i><\/p>\n<p>Raised in the shadow of New Zealand\u2019s Southern Alps, Nic Low grew up on mountain stories from his family\u2019s European side. Years later, a vision of the Alps in a bank of storm clouds sparked a decade-long obsession with comprehending how his M\u0101ori ancestors knew that same terrain.<\/p>\n<p>K\u0101 Tiritiri-o-te-moana, the Alps, form the backbone of the Ng\u0101i Tahu tribe\u2019s territory: five hundred kilometres of mountains and glaciers, rivers and forests. Far from being virgin wilderness, the area was named and owned long before Europeans arrived and the struggle for control of the land began.<\/p>\n<p>Low talked with tribal leaders, dived into the archives and an astonishing family memoir, and took what he learned for a walk. Part gripping adventure story, part meditation on history and place, Uprising recounts his alpine expeditions to unlock the stories living in the land.<\/p>\n<p><i>Uprising<\/i> is an invitation to travel one of the world\u2019s most spectacular landscapes in the company of M\u0101ori explorers, raiding parties, and gods.<\/p>\n<h3>Praise for <em>Uprising<\/em><\/h3>\n<p>&#8216;<strong>A lyrical exploration of alpine trails, history and memory<\/strong> that brilliantly treads the line between trauma and humour, fact and fiction, and M\u0101ori and P\u0101keh\u0101 worlds.\u2019 &#8211; <em>Listener<\/em>, Best books of 2021<\/p>\n<p>\u2018Nic Low invites us to experience <strong>a Ma\u014dri understanding of language, land, and history<\/strong> &#8230; both a comfort read and education.\u2019 &#8211; Tony Birch, <em>Australian Book Review<\/em> Books of the Year 2021<\/p>\n<p>&#8216;First up, it&#8217;s <strong>a straightforward great read<\/strong> &#8230; <strong><em>Uprising<\/em> will join the New Zealand canon, or blow right past it, but whichever, it&#8217;ll make an impact<\/strong> &#8230; it cast[s] the same strange light Keri Hulme once saw over &#8220;this shining land&#8221;&#8216; &#8211; Geoff Chapple, <em>The Listener<\/em><\/p>\n<p>&#8216;A narrative of multiple crossings of K\u0101 Tiritiri-o-te-moana, the South Island\u2019s Main Divide, <em>Uprising<\/em> is <strong>a song to the mountains, rivers, glaciers, coasts, skies, weather<\/strong> and more\u2026It is <strong>a meditation that intensifies as the book unfolds<\/strong>. And it is deeply personal.\u2019&#8217; &#8211; <a href=\"https:\/\/www.ketebooks.co.nz\/all-book-reviews\/uprising-walking-the-southern-alps-of-new-zealandfh3nb-j49s8\">Kennedy Warne, Kete<\/a><\/p>\n<p>&#8220;<strong>A riveting blend of nature writing, indigenous storytelling and great adventure <\/strong>through New Zealand\u2019s Southern Alps.&#8221; &#8211; <em>Western Australian<\/em><\/p>\n<p>&#8216;<strong>An outstanding book<\/strong>, and one that anyone who likes to wander through the South Island back-country, or who has an interest in the history of that area, needs to read. For many, it will enable the hills to be viewed with a new lens.&#8217; &#8211; <a href=\"https:\/\/www.odt.co.nz\/entertainment\/books\/ngai-tahu-lens-focuses-south%E2%80%99s-great-hikoi\">David Barnes, Otago Daily Times<\/a><\/p>\n<h3>Media<\/h3>\n<p><a href=\"https:\/\/www.rnz.co.nz\/national\/programmes\/ninetonoon\/audio\/2018801289\/nic-low-following-historic-routes-through-the-southern-alps\">Nine to Noon with Kathryn Ryan: Nic Low on following historic routes across the Southern Alps<\/a><\/p>\n<p><a href=\"https:\/\/www.odt.co.nz\/star-news\/star-our-people\/tales-southern-alps-christchurch-author-follows-historic-routes-through\">Tales from the Southern Alps, Otago Daily Times<\/a><\/p>\n<p><a href=\"https:\/\/www.latitudemagazine.co.nz\/spreading-the-word-christchurch-nic-low\">Spreading the WORD, Latitude Magazine<\/a><\/p>\n<p><a href=\"https:\/\/www.nzherald.co.nz\/lifestyle\/uprising-author-nic-low-winter-and-darkness-are-endangered-species\/NBOHIRZJNAV4V6YTYGM6I3ZCD4\/\">Writers on Winter, Canvas Magazine, New Zealand Herald<\/a><\/p>\n<p><a href=\"https:\/\/95bfm.com\/bcast\/loose-reads-w-jenna-todd-july-12-2021\" target=\"_blank\" rel=\"noopener noreferrer\">Loose Reads &#8211; Jenna Todd on 96B FM NZ<\/a><\/p>\n<p><a href=\"https:\/\/www.abc.net.au\/radio\/melbourne\/programs\/evenings\/evenings\/13445442\" target=\"_blank\" rel=\"noopener noreferrer\">ABC Radio Melbourne: Evenings<\/a> (2:04:00)<\/p>\n<p><a href=\"https:\/\/www.abc.net.au\/radionational\/programs\/lifematters\/he-had-time-to-think-slab-avalanche..-and-then-he-was-in-free\/13473428\" target=\"_blank\" rel=\"noopener noreferrer\">ABC Radio National: Life Matters<\/a><\/p>\n<p><a href=\"https:\/\/www.odt.co.nz\/star-news\/star-our-people\/tales-southern-alps-christchurch-author-follows-historic-routes-through\" target=\"_blank\" rel=\"noopener noreferrer\">Star News <\/a><\/p>\n<\/div>\n<\/div>\n<p><\/p><\/div>\n<div class=\"one_half last\"><p><\/p>\n<p><a href=\"http:\/\/www.dislocated.org\/wordpress\/wp-content\/uploads\/Uprising_cover_web.jpg\"><img loading=\"lazy\" decoding=\"async\" class=\"alignnone size-medium wp-image-727\" src=\"http:\/\/www.dislocated.org\/wordpress\/wp-content\/uploads\/Uprising_cover_web-196x300.jpg\" alt=\"Uprising book cover by Nic Low\" width=\"196\" height=\"300\" srcset=\"https:\/\/www.dislocated.org\/wordpress\/wp-content\/uploads\/Uprising_cover_web-196x300.jpg 196w, https:\/\/www.dislocated.org\/wordpress\/wp-content\/uploads\/Uprising_cover_web-125x191.jpg 125w, https:\/\/www.dislocated.org\/wordpress\/wp-content\/uploads\/Uprising_cover_web.jpg 549w\" sizes=\"(max-width: 196px) 100vw, 196px\" \/><\/a><\/p>\n<div class=\"columnar columnar--3\">\n<div><strong>Winner of the Copyright Licensing New Zealand \/ New Zealand Society of Authors Writers Award; winner of the Wily Prize and runner up, Non-fiction, in the New Zealand Heritage Book Awards.<br \/><\/strong><\/div>\n<div>\u00a0<\/div>\n<div>\u00a0<\/div>\n<div><strong>A <em>Listener, Your Weekend<\/em>, <em>Sydney Morning Herald<\/em> and <em>Australian Book Review <\/em>book of the year.<\/strong><\/div>\n<div>\u00a0<\/div>\n<div class=\"book__meta-item\">\n<div class=\"book__meta-label\">Extent: 384pp<\/div>\n<\/div>\n<div class=\"book__meta-item\">\n<div class=\"book__meta-label\">Format: Paperback<\/div>\n<\/div>\n<div class=\"book__meta-item\">\n<div class=\"book__meta-label\">Publication date: 2 July 2021<\/div>\n<\/div>\n<\/div>\n<div class=\"columnar columnar--3\">\n<div class=\"book__meta-item\">\n<div class=\"book__meta-label\">ISBN: 9781925355284<\/div>\n<div><a href=\"https:\/\/www.textpublishing.com.au\/books\/uprising-walking-the-southern-alps-of-new-zealand\">Find out where to buy a copy here.<\/a><\/div>\n<\/div>\n<div class=\"book__meta-item\">\u00a0<\/div>\n<\/div>\n<p><\/p><\/div><div class=\"clear\"><\/div>\n<div class=\"one_half first\"><p><\/p>\n<h1>ARMS RACE<\/h1>\n<p><strong>Shortlisted for the Queensland Literary Awards Steele Rudd Award and the Readings Prize for New Fiction, and named a New Zealand <em>Listener<\/em> and <em>Australian Book Review<\/em> Book of the Year.<\/strong><\/p>\n<p>Arms Race brings together twelve tales from the modern age of escalation. Data theft, internet memes, advertising, terrorism, indigenous sovereignty, drone warfare, opium addiction, syphilis, the moon landing, mining, oil slicks, climate change, giant octopuses: nothing is spared in this collection. Nic Low&#8217;s stories go beyond satire, aiming for the dark heart of our obsession with technology, power and image.<\/p>\n<div>\n<p>Set variously in London, a Rajasthani village, remote Mongolia, the West Australian outback and mountainous New Zealand, these are prescient visions of the future and outlandish reimaginings of the past.\u00a0<i>Arms Race<\/i>\u00a0is an arresting debut from a fierce, playful new voice in Australian writing.<\/p>\n<blockquote class=\"large\"><p>Nic Low&#8217;s stories are like controlled detonations.\u00a0Arms Race is machete-sharp, politically engaged and thematically fearless.\u00a0Australian short fiction just got lobbed into the 21st Century<\/p><cite>- Maxine Beneba Clarke, author of Foreign Soil<\/cite><\/blockquote>\n<blockquote class=\"large\"><p>&#8216;Outrageous, clever, passionate: a must read. These stories delight on so many levels and are written with a singular energy and skill.<\/p><cite>- Eva Hornung, author of Dog Boy<\/cite><\/blockquote>\n<h2>ARMS RACE REVIEWS<\/h2>\n<p>&#8220;[Low&#8217;s] writing is fierce and uncompromising, bringing contemporary anxieties to \u00adthe surface &#8230; This collection fights and grapples with language, counter-culture and consumerism, the characters inhabiting a plastic-elastic world being reshaped in the mould of whoever gets to the gold first: the digital landscape isn\u2019t where we\u2019re heading; it\u2019s right now. As Low careers from a giant octopus tidal wave in New Zealand to a photocopying room the size of a desert in India, he\u2019s heralding a planet on the tip of catastrophe wherever he turns. It\u2019s seductive and frightening &#8230;&#8221; &#8211; <a href=\"http:\/\/www.theaustralian.com.au\/arts\/review\/trip-to-the-dark-side-of-the-moon\/story-fn9n8gph-1227015182306\">The Weekend Australian<\/a><\/p>\n<p>&#8220;There&#8217;s a bristling, playful energy to Nic Low&#8217;s writing&#8230;the narrative fairly pulses along at a cracking pace &#8230; standout satire&#8221; &#8211; <a href=\"http:\/\/www.smh.com.au\/entertainment\/books\/crime-music-and-kimochi-bug-20140722-zv93y.html#ixzz38iczT6AE\">Sydney Morning Herald<\/a>&#8220;<\/p>\n<p>&#8220;A terrific book; an amazing debut &#8230; activist literature, confronting us and getting us to think about our present. Frightening and compelling at the same time.&#8221; &#8211; <a href=\"http:\/\/www.radionz.co.nz\/national\/programmes\/ninetonoon\/audio\/20145206\/book-review-arms-race\" target=\"_blank\" rel=\"noopener noreferrer\">Radio New Zealand National<\/a><\/p>\n<p>&#8220;brazenly funny &#8230; [Nic Low&#8217;s] voice is natural and bitterly compelling. He never attempts to soothe us with easy answers, but instead enjoys posing difficult questions. If some of these tales might darken your mood, most of them will excite your imagination and alter your perception of the world.&#8221; &#8211; The Thousands<\/p>\n<p>&#8220;<em>Arms Race<\/em> highlights a remarkable depth of voice and narrative range. My favourite from the collection is \u02bbRush\u02bc, a humorous and intelligent insight into post-colonial relationships in Australia. Low is from New Zealand. We might want to claim him ahead of Russell Crowe.&#8221; &#8211; Tony Birch, <a href=\"https:\/\/www.australianbookreview.com.au\/abr-online\/current-issue\/122-september-2014-no-364\/2135-selected-short-story-collections\">Australian Book Review, Short Story Books of the Year 2014.<\/a><\/p>\n<p>&#8220;Nic Low\u02bcs <em>Arms Race<\/em> is similarly mischievous, although while Davis\u02bcs stories are claustrophobically focused on the personal, Low targets the political. He provokes his readers with visions of speculative futures that are always about the present. What would it be like if indigenous Australians started a mining operation at the Shrine of Remembrance?&#8221; &#8211; Maria Takolander, <a href=\"https:\/\/www.australianbookreview.com.au\/abr-online\/current-issue\/122-september-2014-no-364\/2135-selected-short-story-collections\">Australian Book Review, Short Story Books of the Year 2014.<\/a><\/p>\n<p>&#8220;<em>Arms Race<\/em> is wryly amusing, thematically fearless, and has left me hopeful and excited for the future of Australian short fiction.&#8221; &#8211; Maxine Beneba Clarke, <a href=\"https:\/\/www.australianbookreview.com.au\/abr-online\/current-issue\/122-september-2014-no-364\/2135-selected-short-story-collections\">Australian Book Review, Short Story Books of the Year 2014.<\/a><\/p>\n<p>&#8220;Characters on the verge of a breakthrough populate this impressive d\u00e9but short story collection &#8230; Low\u2019s stories cover an ambitious range of locations from Melbourne to Mongolia; his prose is energetic and inspired &#8230; Low deals with issues of real moral substance: the effects of mining, global warming, drone strikes. He has a knack of approaching these sobering subjects with humour and whimsy. His characters can laugh, even in the face of their demise &#8230; Low\u02bcs stories prompt us to re-examine urgent questions about the way we live our lives.&#8221; &#8211; <a href=\"https:\/\/www.australianbookreview.com.au\/abr-online\/current-issue\/122-september-2014-no-364\/2140-arms-race\">Australian Book Review<\/a><\/p>\n<p>&#8220;&#8230; there&#8217;s a bony grace to the prose that makes the best of these short stories surprising &#8230; especially in opium fever-dream The Lotus Eaters, spare and insightful outback tale Scar, and Photocopy Planet, a canny interrogation of the appeal of self-generated alternative histories, set in rural India but relevant everywhere. Low has a strong environmental conscience and a darkly satirical streak, probing the faultlines between cultures, classes and ideologies with great skill, sending back dispatches as dry as Sahara sand.&#8221; &#8211; Your Weekend, NZ.<\/p>\n<p>&#8220;Low\u2019s collection of short stories spans the globe, tracing lines of warfare, surveillance and oppression with fierce wit and masterful story telling &#8230; the mix of humour and rebellion rings throughout a collection with a keen eye on the greater powers and narratives that shape us &#8230; Arms Race is cat-nip for cynics and a joy to read.&#8221; &#8211; <a href=\"http:\/\/www.nzbooklovers.co.nz\/general-fiction\/arms-race-nic-low\/\">NZ Lit Lovers<\/a><\/p>\n<p><em>Arms Race<\/em> is the most fun I\u2019ve had in a long time.&#8221; &#8211; <a href=\"http:\/\/www.readings.com.au\/news\/what-were-reading-47\">Readings<\/a><\/p>\n<p>&#8220;&#8230; tales that explore the dark psyche of human nature in an often playful and hilarious fashion &#8230; rewards being dipped into with fine writing and arresting images.&#8221; &#8211; <a href=\" http:\/\/thehoopla.com.au\/jenny-valentish-cherry-bomb\/\">The Hoopla<\/a><\/p>\n<h2>TV AND RADIO<\/h2>\n<p>Melbourne Writer Nic Low Hasn&#8217;t Forgotten His Roots:<a href=\"http:\/\/www.3news.co.nz\/entertainment\/melbourne-writer-hasnt-forgotten-his-roots-2014082612\"> Nic interviewed on TV3&#8217;s Firstline<\/a>, 26 August 2014.<\/p>\n<p>Politics, polemics and satire: <a href=\"http:\/\/www.radionz.co.nz\/national\/programmes\/ninetonoon\/audio\/20146705\/nic-low-author-of-%27arms-race%27\">interview with Nic on Radio New Zealand National&#8217;s Nine to Noon program<\/a>, 22 August 2014.<\/p>\n<p>Arms Race: <a href=\"http:\/\/www.mixcloud.com\/MorningGlory\/nic-low-arms-race-short-stories-28-08-14\/\">interview with Nic on RDU 98.5FM&#8217;s Morning Glory Show<\/a>, 28 August 2014.<\/p>\n<p><a href=\"https:\/\/s3.amazonaws.com\/3cr.podcast\/audio\/3CRCast-2014-07-31-54549.mp3\">3CR Podcast: Behind the Words interview about Arms Race<\/a> (starting from 13:25).<\/p>\n<p>2SER&#8217;s Final Draft podcast: <a href=\"http:\/\/www.2ser.com\/component\/k2\/item\/10421-saturday-august-9th-telling-tales\">Arms Race and Nic Low on Telling Tales<\/a>.<\/p>\n<\/div>\n<p><\/p><\/div>\n<div class=\"one_half last\"><p><\/p>\n<p><a href=\"http:\/\/www.dislocated.org\/wordpress\/wp-content\/uploads\/Low_ArmsRace4.jpg\"><img loading=\"lazy\" decoding=\"async\" class=\"size-medium wp-image-452 alignnone\" src=\"http:\/\/www.dislocated.org\/wordpress\/wp-content\/uploads\/Low_ArmsRace4-192x300.jpg\" alt=\"Arms Race Cover\" width=\"192\" height=\"300\" srcset=\"https:\/\/www.dislocated.org\/wordpress\/wp-content\/uploads\/Low_ArmsRace4-192x300.jpg 192w, https:\/\/www.dislocated.org\/wordpress\/wp-content\/uploads\/Low_ArmsRace4-125x194.jpg 125w, https:\/\/www.dislocated.org\/wordpress\/wp-content\/uploads\/Low_ArmsRace4.jpg 600w\" sizes=\"(max-width: 192px) 100vw, 192px\" \/><\/a><\/p>\n<ul>\n<li>Published: 23\/07\/2014<\/li>\n<li>Format: Paperback, 256 pages<\/li>\n<li>RRP: $27.99<\/li>\n<li>ISBN-13: 9781922147981<\/li>\n<li>ISBN-10: 1922147982<\/li>\n<li>Publisher: Text Publishing<\/li>\n<\/ul>\n<p><a href=\"http:\/\/textpublishing.com.au\/books-and-authors\/add_to_basket\/9781922147981\/\">GRAB A COPY<\/a><\/p>\n<p><\/p><\/div><div class=\"clear\"><\/div>\n\n\n<p><\/p>\n\n\n\n<p><\/p>\n","protected":false},"excerpt":{"rendered":"<\/p>\n<p>LITTLE DOOMSDAYS<\/p>\n<p><em>It\u2019s said \u2014 in the quiet between buses, down the back of the pub, in the hushed elevator rising &#8230;<\/p>\n","protected":false},"author":2,"featured_media":0,"parent":0,"menu_order":0,"comment_status":"closed","ping_status":"open","template":"","meta":{"footnotes":""},"class_list":["post-404","page","type-page","status-publish","hentry"],"_links":{"self":[{"href":"https:\/\/www.dislocated.org\/index.php?rest_route=\/wp\/v2\/pages\/404"}],"collection":[{"href":"https:\/\/www.dislocated.org\/index.php?rest_route=\/wp\/v2\/pages"}],"about":[{"href":"https:\/\/www.dislocated.org\/index.php?rest_route=\/wp\/v2\/types\/page"}],"author":[{"embeddable":true,"href":"https:\/\/www.dislocated.org\/index.php?rest_route=\/wp\/v2\/users\/2"}],"replies":[{"embeddable":true,"href":"https:\/\/www.dislocated.org\/index.php?rest_route=%2Fwp%2Fv2%2Fcomments&post=404"}],"version-history":[{"count":38,"href":"https:\/\/www.dislocated.org\/index.php?rest_route=\/wp\/v2\/pages\/404\/revisions"}],"predecessor-version":[{"id":799,"href":"https:\/\/www.dislocated.org\/index.php?rest_route=\/wp\/v2\/pages\/404\/revisions\/799"}],"wp:attachment":[{"href":"https:\/\/www.dislocated.org\/index.php?rest_route=%2Fwp%2Fv2%2Fmedia&parent=404"}],"curies":[{"name":"wp","href":"https:\/\/api.w.org\/{rel}","templated":true}]}}